{"id":8607,"date":"2024-09-20T05:43:02","date_gmt":"2024-09-20T05:43:02","guid":{"rendered":"https:\/\/innerwisdom-academy.com\/aviso-legal\/"},"modified":"2025-08-01T20:21:18","modified_gmt":"2025-08-01T20:21:18","slug":"aviso-legal","status":"publish","type":"page","link":"https:\/\/innerwisdom-academy.com\/es\/aviso-legal\/","title":{"rendered":"Aviso legal"},"content":{"rendered":"\t\t<div data-elementor-type=\"wp-page\" data-elementor-id=\"8607\" class=\"elementor elementor-8607 elementor-6115\">\n\t\t\t\t<div class=\"elementor-element elementor-element-d11f1d8 e-flex e-con-boxed e-con e-parent\" data-id=\"d11f1d8\" data-element_type=\"container\" data-settings=\"{&quot;background_background&quot;:&quot;classic&quot;}\">\n\t\t\t\t\t<div class=\"e-con-inner\">\n\t\t\t\t<div class=\"elementor-element elementor-element-9b53356 elementor-widget elementor-widget-heading\" data-id=\"9b53356\" data-element_type=\"widget\" data-widget_type=\"heading.default\">\n\t\t\t\t<div class=\"elementor-widget-container\">\n\t\t\t\t\t<h1 class=\"elementor-heading-title elementor-size-default\">Aviso legal<\/h1>\t\t\t\t<\/div>\n\t\t\t\t<\/div>\n\t\t\t\t\t<\/div>\n\t\t\t\t<\/div>\n\t\t<div class=\"elementor-element elementor-element-f1dfa7b e-flex e-con-boxed e-con e-parent\" data-id=\"f1dfa7b\" data-element_type=\"container\">\n\t\t\t\t\t<div class=\"e-con-inner\">\n\t\t\t\t<div class=\"elementor-element elementor-element-8ff0892 elementor-widget elementor-widget-text-editor\" data-id=\"8ff0892\" data-element_type=\"widget\" data-widget_type=\"text-editor.default\">\n\t\t\t\t<div class=\"elementor-widget-container\">\n\t\t\t\t\t\t\t\t\t<p><b>Inner Wisdom Academy \u2013 Asociaci\u00f3n de educaci\u00f3n para la salud para m\u00e9todos de salud renovadores, prevenci\u00f3n, autorregeneraci\u00f3n y armonizaci\u00f3n del bienestar<\/b><\/p><p>N\u00famero ZVR: 1330845458<\/p><p>7032 Sigle\u00df,<\/p><p>Wirschaftspark 2\/5B<\/p><p>Austria<\/p><h6> <\/h6><p><strong>Contacto<\/strong><\/p><p>Presidenta: Carina Perschke-Lohse<\/p><p>Vicepresidenta: Kerstin Eden<\/p><p>Correo electr\u00f3nico: info@innerwisdom-academy.com<\/p><p><strong>Fuentes de las im\u00e1genes y gr\u00e1ficos utilizados:<\/strong><\/p><p>Noelia Sobrino_photography<\/p><p>Kisenproducciones-videoproduction<\/p><p>http:\/\/shutterstock.de<br>Fuente: http:\/\/www.e-recht24.de<\/p><p><strong>Resoluci\u00f3n de litigios<\/strong><\/p><p>La Comisi\u00f3n Europea proporciona una plataforma para la resoluci\u00f3n de litigios en l\u00ednea (ODR), que puede encontrar aqu\u00ed <span class=\"wixui-rich-text__text\"><a class=\"wixui-rich-text__text\" href=\"https:\/\/ec.europa.eu\/consumers\/odr\/\" target=\"_blank\" rel=\"noreferrer noopener\">https:\/\/ec.europa.eu\/consumers\/odr\/<\/a><\/span>. No estamos obligados ni dispuestos a participar en un procedimiento de resoluci\u00f3n de litigios ante una junta de arbitraje de consumo. <\/p><p><strong>Responsabilidad por el contenido<\/strong><br>Como proveedor de servicios, somos responsables de nuestro propio contenido en estas p\u00e1ginas de acuerdo con la legislaci\u00f3n general, de conformidad con el art\u00edculo 7, apartado 1 de la Ley alemana de medios de comunicaci\u00f3n (TMG). De acuerdo con los art\u00edculos 8 a 10 de la TMG, como proveedor de servicios, no estamos obligados a supervisar la informaci\u00f3n de terceros transmitida o almacenada ni a investigar las circunstancias que indiquen una actividad ilegal. Las obligaciones de eliminar o bloquear el uso de la informaci\u00f3n de acuerdo con la legislaci\u00f3n general no se ver\u00e1n afectadas por esto. Sin embargo, la responsabilidad a este respecto solo es posible a partir del momento en que se tiene conocimiento de una infracci\u00f3n espec\u00edfica. Si tenemos conocimiento de alguna infracci\u00f3n, eliminaremos este contenido de inmediato.     <\/p><p><strong>Responsabilidad por los enlaces<\/strong><br>Nuestra oferta contiene enlaces a sitios web externos de terceros sobre cuyos contenidos no tenemos ninguna influencia. Por lo tanto, no podemos asumir ninguna responsabilidad por este contenido externo. El proveedor u operador de las p\u00e1ginas enlazadas es siempre responsable del contenido de las mismas. Las p\u00e1ginas enlazadas fueron revisadas en el momento de la vinculaci\u00f3n para detectar posibles violaciones legales. El contenido ilegal no era reconocible en el momento de la vinculaci\u00f3n. Sin embargo, un control permanente del contenido de las p\u00e1ginas enlazadas no es razonable sin pruebas concretas de una violaci\u00f3n de la ley. Si tenemos conocimiento de alguna infracci\u00f3n, eliminaremos dichos enlaces de inmediato.      <\/p><p><strong>Derechos de autor<\/strong><br>El contenido y las obras creadas por los operadores del sitio en estas p\u00e1ginas est\u00e1n sujetos a la ley alemana de derechos de autor. La reproducci\u00f3n, el procesamiento, la distribuci\u00f3n y cualquier forma de explotaci\u00f3n fuera de los l\u00edmites de la ley de derechos de autor requieren el consentimiento por escrito del autor o creador respectivo. Las descargas y copias de esta p\u00e1gina solo est\u00e1n permitidas para uso privado y no comercial. En la medida en que el contenido de esta p\u00e1gina no haya sido creado por el operador, se respetan los derechos de autor de terceros. En particular, el contenido de terceros se identifica como tal. Si, a pesar de ello, tiene conocimiento de una infracci\u00f3n de los derechos de autor, le rogamos que nos lo notifique. Si tenemos conocimiento de alguna infracci\u00f3n, eliminaremos dicho contenido de inmediato.      <\/p>\t\t\t\t\t\t\t\t<\/div>\n\t\t\t\t<\/div>\n\t\t\t\t\t<\/div>\n\t\t\t\t<\/div>\n\t\t\t\t<\/div>\n\t\t","protected":false},"excerpt":{"rendered":"<p>Aviso legal Inner Wisdom Academy \u2013 Asociaci\u00f3n de educaci\u00f3n para la salud para m\u00e9todos de salud renovadores, prevenci\u00f3n, autorregeneraci\u00f3n y armonizaci\u00f3n del bienestar N\u00famero ZVR: 1330845458 7032 Sigle\u00df, Wirschaftspark 2\/5B Austria Contacto Presidenta: Carina Perschke-Lohse Vicepresidenta: Kerstin Eden Correo electr\u00f3nico: info@innerwisdom-academy.com Fuentes de las im\u00e1genes y gr\u00e1ficos utilizados: Noelia Sobrino_photography Kisenproducciones-videoproduction http:\/\/shutterstock.deFuente: http:\/\/www.e-recht24.de Resoluci\u00f3n de [&hellip;]<\/p>\n","protected":false},"author":1,"featured_media":0,"parent":0,"menu_order":0,"comment_status":"closed","ping_status":"closed","template":"","meta":{"footnotes":""},"class_list":["post-8607","page","type-page","status-publish","hentry"],"yoast_head":"<!-- This site is optimized with the Yoast SEO plugin v27.0 - https:\/\/yoast.com\/product\/yoast-seo-wordpress\/ -->\n<title>Aviso legal - Inner Wisdom Academy<\/title>\n<meta name=\"robots\" content=\"index, follow, max-snippet:-1, max-image-preview:large, max-video-preview:-1\" \/>\n<link rel=\"canonical\" href=\"https:\/\/innerwisdom-academy.com\/es\/aviso-legal\/\" \/>\n<meta property=\"og:locale\" content=\"es_ES\" \/>\n<meta property=\"og:type\" content=\"article\" \/>\n<meta property=\"og:title\" content=\"Aviso legal - Inner Wisdom Academy\" \/>\n<meta property=\"og:description\" content=\"Aviso legal Inner Wisdom Academy \u2013 Asociaci\u00f3n de educaci\u00f3n para la salud para m\u00e9todos de salud renovadores, prevenci\u00f3n, autorregeneraci\u00f3n y armonizaci\u00f3n del bienestar N\u00famero ZVR: 1330845458 7032 Sigle\u00df, Wirschaftspark 2\/5B Austria Contacto Presidenta: Carina Perschke-Lohse Vicepresidenta: Kerstin Eden Correo electr\u00f3nico: info@innerwisdom-academy.com Fuentes de las im\u00e1genes y gr\u00e1ficos utilizados: Noelia Sobrino_photography Kisenproducciones-videoproduction http:\/\/shutterstock.deFuente: http:\/\/www.e-recht24.de Resoluci\u00f3n de [&hellip;]\" \/>\n<meta property=\"og:url\" content=\"https:\/\/innerwisdom-academy.com\/es\/aviso-legal\/\" \/>\n<meta property=\"og:site_name\" content=\"Inner Wisdom Academy\" \/>\n<meta property=\"article:modified_time\" content=\"2025-08-01T20:21:18+00:00\" \/>\n<meta name=\"twitter:card\" content=\"summary_large_image\" \/>\n<meta name=\"twitter:label1\" content=\"Tiempo de lectura\" \/>\n\t<meta name=\"twitter:data1\" content=\"3 minutos\" \/>\n<script type=\"application\/ld+json\" class=\"yoast-schema-graph\">{\"@context\":\"https:\/\/schema.org\",\"@graph\":[{\"@type\":\"WebPage\",\"@id\":\"https:\/\/innerwisdom-academy.com\/es\/aviso-legal\/\",\"url\":\"https:\/\/innerwisdom-academy.com\/es\/aviso-legal\/\",\"name\":\"Aviso legal - Inner Wisdom Academy\",\"isPartOf\":{\"@id\":\"https:\/\/innerwisdom-academy.com\/es\/#website\"},\"datePublished\":\"2024-09-20T05:43:02+00:00\",\"dateModified\":\"2025-08-01T20:21:18+00:00\",\"breadcrumb\":{\"@id\":\"https:\/\/innerwisdom-academy.com\/es\/aviso-legal\/#breadcrumb\"},\"inLanguage\":\"es\",\"potentialAction\":[{\"@type\":\"ReadAction\",\"target\":[\"https:\/\/innerwisdom-academy.com\/es\/aviso-legal\/\"]}]},{\"@type\":\"BreadcrumbList\",\"@id\":\"https:\/\/innerwisdom-academy.com\/es\/aviso-legal\/#breadcrumb\",\"itemListElement\":[{\"@type\":\"ListItem\",\"position\":1,\"name\":\"Startseite\",\"item\":\"https:\/\/innerwisdom-academy.com\/es\/\"},{\"@type\":\"ListItem\",\"position\":2,\"name\":\"Aviso legal\"}]},{\"@type\":\"WebSite\",\"@id\":\"https:\/\/innerwisdom-academy.com\/es\/#website\",\"url\":\"https:\/\/innerwisdom-academy.com\/es\/\",\"name\":\"Inner Wisdom Academy\",\"description\":\"\",\"potentialAction\":[{\"@type\":\"SearchAction\",\"target\":{\"@type\":\"EntryPoint\",\"urlTemplate\":\"https:\/\/innerwisdom-academy.com\/es\/?s={search_term_string}\"},\"query-input\":{\"@type\":\"PropertyValueSpecification\",\"valueRequired\":true,\"valueName\":\"search_term_string\"}}],\"inLanguage\":\"es\"}]}<\/script>\n<!-- \/ Yoast SEO plugin. -->","yoast_head_json":{"title":"Aviso legal - Inner Wisdom Academy","robots":{"index":"index","follow":"follow","max-snippet":"max-snippet:-1","max-image-preview":"max-image-preview:large","max-video-preview":"max-video-preview:-1"},"canonical":"https:\/\/innerwisdom-academy.com\/es\/aviso-legal\/","og_locale":"es_ES","og_type":"article","og_title":"Aviso legal - Inner Wisdom Academy","og_description":"Aviso legal Inner Wisdom Academy \u2013 Asociaci\u00f3n de educaci\u00f3n para la salud para m\u00e9todos de salud renovadores, prevenci\u00f3n, autorregeneraci\u00f3n y armonizaci\u00f3n del bienestar N\u00famero ZVR: 1330845458 7032 Sigle\u00df, Wirschaftspark 2\/5B Austria Contacto Presidenta: Carina Perschke-Lohse Vicepresidenta: Kerstin Eden Correo electr\u00f3nico: info@innerwisdom-academy.com Fuentes de las im\u00e1genes y gr\u00e1ficos utilizados: Noelia Sobrino_photography Kisenproducciones-videoproduction http:\/\/shutterstock.deFuente: http:\/\/www.e-recht24.de Resoluci\u00f3n de [&hellip;]","og_url":"https:\/\/innerwisdom-academy.com\/es\/aviso-legal\/","og_site_name":"Inner Wisdom Academy","article_modified_time":"2025-08-01T20:21:18+00:00","twitter_card":"summary_large_image","twitter_misc":{"Tiempo de lectura":"3 minutos"},"schema":{"@context":"https:\/\/schema.org","@graph":[{"@type":"WebPage","@id":"https:\/\/innerwisdom-academy.com\/es\/aviso-legal\/","url":"https:\/\/innerwisdom-academy.com\/es\/aviso-legal\/","name":"Aviso legal - Inner Wisdom Academy","isPartOf":{"@id":"https:\/\/innerwisdom-academy.com\/es\/#website"},"datePublished":"2024-09-20T05:43:02+00:00","dateModified":"2025-08-01T20:21:18+00:00","breadcrumb":{"@id":"https:\/\/innerwisdom-academy.com\/es\/aviso-legal\/#breadcrumb"},"inLanguage":"es","potentialAction":[{"@type":"ReadAction","target":["https:\/\/innerwisdom-academy.com\/es\/aviso-legal\/"]}]},{"@type":"BreadcrumbList","@id":"https:\/\/innerwisdom-academy.com\/es\/aviso-legal\/#breadcrumb","itemListElement":[{"@type":"ListItem","position":1,"name":"Startseite","item":"https:\/\/innerwisdom-academy.com\/es\/"},{"@type":"ListItem","position":2,"name":"Aviso legal"}]},{"@type":"WebSite","@id":"https:\/\/innerwisdom-academy.com\/es\/#website","url":"https:\/\/innerwisdom-academy.com\/es\/","name":"Inner Wisdom Academy","description":"","potentialAction":[{"@type":"SearchAction","target":{"@type":"EntryPoint","urlTemplate":"https:\/\/innerwisdom-academy.com\/es\/?s={search_term_string}"},"query-input":{"@type":"PropertyValueSpecification","valueRequired":true,"valueName":"search_term_string"}}],"inLanguage":"es"}]}},"rttpg_featured_image_url":null,"rttpg_author":{"display_name":"uday.jbbn@gmail.com","author_link":"https:\/\/innerwisdom-academy.com\/es\/author\/uday-jbbngmail-com\/"},"rttpg_comment":0,"rttpg_category":" <a href=\"https:\/\/innerwisdom-academy.com\/es\/?taxonomy=translation_priority&#038;term=opcional\" rel=\"tag\">Opcional<\/a>","rttpg_excerpt":"Aviso legal Inner Wisdom Academy \u2013 Asociaci\u00f3n de educaci\u00f3n para la salud para m\u00e9todos de salud renovadores, prevenci\u00f3n, autorregeneraci\u00f3n y armonizaci\u00f3n del bienestar N\u00famero ZVR: 1330845458 7032 Sigle\u00df, Wirschaftspark 2\/5B Austria Contacto Presidenta: Carina Perschke-Lohse Vicepresidenta: Kerstin Eden Correo electr\u00f3nico: info@innerwisdom-academy.com Fuentes de las im\u00e1genes y gr\u00e1ficos utilizados: Noelia Sobrino_photography Kisenproducciones-videoproduction http:\/\/shutterstock.deFuente: http:\/\/www.e-recht24.de Resoluci\u00f3n de&hellip;","_links":{"self":[{"href":"https:\/\/innerwisdom-academy.com\/es\/wp-json\/wp\/v2\/pages\/8607","targetHints":{"allow":["GET"]}}],"collection":[{"href":"https:\/\/innerwisdom-academy.com\/es\/wp-json\/wp\/v2\/pages"}],"about":[{"href":"https:\/\/innerwisdom-academy.com\/es\/wp-json\/wp\/v2\/types\/page"}],"author":[{"embeddable":true,"href":"https:\/\/innerwisdom-academy.com\/es\/wp-json\/wp\/v2\/users\/1"}],"replies":[{"embeddable":true,"href":"https:\/\/innerwisdom-academy.com\/es\/wp-json\/wp\/v2\/comments?post=8607"}],"version-history":[{"count":1,"href":"https:\/\/innerwisdom-academy.com\/es\/wp-json\/wp\/v2\/pages\/8607\/revisions"}],"predecessor-version":[{"id":8608,"href":"https:\/\/innerwisdom-academy.com\/es\/wp-json\/wp\/v2\/pages\/8607\/revisions\/8608"}],"wp:attachment":[{"href":"https:\/\/innerwisdom-academy.com\/es\/wp-json\/wp\/v2\/media?parent=8607"}],"curies":[{"name":"wp","href":"https:\/\/api.w.org\/{rel}","templated":true}]}}