{"id":8556,"date":"2024-09-12T07:31:40","date_gmt":"2024-09-12T07:31:40","guid":{"rendered":"https:\/\/innerwisdom-academy.com\/blogs\/"},"modified":"2025-08-01T20:19:48","modified_gmt":"2025-08-01T20:19:48","slug":"blogs","status":"publish","type":"page","link":"https:\/\/innerwisdom-academy.com\/es\/blogs\/","title":{"rendered":"Blogs"},"content":{"rendered":"\t\t<div data-elementor-type=\"wp-page\" data-elementor-id=\"8556\" class=\"elementor elementor-8556 elementor-465\">\n\t\t\t\t<div class=\"elementor-element elementor-element-f502e9c e-flex e-con-boxed e-con e-parent\" data-id=\"f502e9c\" data-element_type=\"container\" data-settings=\"{&quot;background_background&quot;:&quot;classic&quot;}\">\n\t\t\t\t\t<div class=\"e-con-inner\">\n\t\t\t\t<div class=\"elementor-element elementor-element-af7fca6 elementor-widget elementor-widget-heading\" data-id=\"af7fca6\" data-element_type=\"widget\" data-widget_type=\"heading.default\">\n\t\t\t\t<div class=\"elementor-widget-container\">\n\t\t\t\t\t<h1 class=\"elementor-heading-title elementor-size-default\">Blogs<\/h1>\t\t\t\t<\/div>\n\t\t\t\t<\/div>\n\t\t\t\t\t<\/div>\n\t\t\t\t<\/div>\n\t\t<div class=\"elementor-element elementor-element-b1f5248 e-flex e-con-boxed e-con e-parent\" data-id=\"b1f5248\" data-element_type=\"container\">\n\t\t\t\t\t<div class=\"e-con-inner\">\n\t\t\t\t<div class=\"elementor-element elementor-element-4877110 title_position_default title_hover_border_default title-default img_hover_animation_default readmore-btn-default-style grid-hover-overlay-type-always tpg-el-box-border-enable tpg-border-bottom-disable elementor-widget elementor-widget-tpg-grid-layout\" data-id=\"4877110\" data-element_type=\"widget\" data-widget_type=\"tpg-grid-layout.default\">\n\t\t\t\t<div class=\"elementor-widget-container\">\n\t\t\t\t\t\t\t<div class=\"rt-container-fluid rt-tpg-container tpg-el-main-wrapper clearfix grid-layout3-main \"\n\t\t\t id=\"rt-tpg-container-1136918468\"\n\t\t\t data-layout=\"grid-layout3\"\n\t\t\t data-grid-style=\"tpg-full-height\"\n\t\t\t data-sc-id=\"elementor\"\n\t\t\t data-el-settings=''\n\t\t\t data-el-query=''\n\t\t\t data-el-path=''\n\t\t>\n\t\t\t\t\t\t<div class='tpg-header-wrapper '>\n\t\t\t\t\t\t\t<\/div>\n\n\t\t\t<div data-title=\"Loading ...\" class=\"rt-row rt-content-loader grid-layout3 grid-behaviour tpg-full-height grid_layout_wrapper\">\n\t\t\t\t\n<div class=\"rt-col-md-6 rt-col-sm-6 rt-col-xs-12 default rt-grid-item\" data-id=\"8543\">\n\t<div class=\"rt-holder tpg-post-holder \">\n\t\t<div class=\"rt-detail rt-el-content-wrapper\">\n\t\t\t\t\t\t\t<div class=\"rt-img-holder tpg-el-image-wrap has-thumbnail\">\n\t\t\t\t\t<a data-id=\"8543\" href=\"https:\/\/innerwisdom-academy.com\/es\/que-ocurre-en-una-sesion-de-innerdance-una-guia-sobre-kundalini-estados-alterados-de-conciencia-y-sanacion\/\" class=\"tpg-post-link\" target=\"_self\">                        <img fetchpriority=\"high\" decoding=\"async\" src=\"https:\/\/innerwisdom-academy.com\/wp-content\/uploads\/2025\/05\/@noeliasobrino_photography-3002-768x512.jpg\"\n                             class=\"rt-img-responsive\"\n                             width=\"768\"\n                             height=\"512\"\n                             alt=\"\u00bfQu\u00e9 ocurre en una sesi\u00f3n de innerdance? Una gu\u00eda sobre Kundalini, estados alterados de conciencia y sanaci\u00f3n\">\n\t\t\t\t\t\t\n\t\t\t\t\t\t\t\n\t\t<\/a>\n\t\t        <div class=\"overlay grid-hover-content\"><\/div>\n\t\t\t\t\t\t<\/div>\n\t\t\t\n\n\t\t\t<div class=\"entry-title-wrapper\"><h3 class=\"entry-title\"><a data-id=\"8543\" href=\"https:\/\/innerwisdom-academy.com\/es\/que-ocurre-en-una-sesion-de-innerdance-una-guia-sobre-kundalini-estados-alterados-de-conciencia-y-sanacion\/\" class=\"tpg-post-link\" target=\"_self\">\u00bfQu\u00e9 ocurre en una sesi\u00f3n de innerdance? Una gu\u00eda sobre Kundalini, estados alterados de conciencia y sanaci\u00f3n<\/a><\/h3><\/div>\n\t\t\t\n\t\t\t\t\t\t\t<div class=\"tpg-excerpt tpg-el-excerpt\">\n\t\t\t\t\t\t\t\t\t\t\t<div class=\"tpg-excerpt-inner\">\n\t\t\t\t\t\t\tEn una \u00e9poca en la que la velocidad, la l\u00f3gica y la productividad dominan nuestra realidad, muchos de nosotros anhelamos algo m\u00e1s profundo, algo verdadero. Las sesiones de innerdance ofrecen un...\t\t\t\t\t\t<\/div>\n\t\t\t\t\t\t\t\t\t\t\t\t\t\t<\/div>\n\t\t\t\n\t\t\t        <div class=\"post-footer\">\n            <div class=\"post-footer\">\n                <div class=\"read-more\">\n\t\t\t\t\t<a data-id=\"8543\" href=\"https:\/\/innerwisdom-academy.com\/es\/que-ocurre-en-una-sesion-de-innerdance-una-guia-sobre-kundalini-estados-alterados-de-conciencia-y-sanacion\/\" class=\"tpg-post-link\" target=\"_self\">Read More<\/a>                <\/div>\n            <\/div>\n        <\/div>\n\t\t\t\t<\/div>\n\t<\/div>\n<\/div>\n\n<div class=\"rt-col-md-6 rt-col-sm-6 rt-col-xs-12 default rt-grid-item\" data-id=\"9098\">\n\t<div class=\"rt-holder tpg-post-holder \">\n\t\t<div class=\"rt-detail rt-el-content-wrapper\">\n\t\t\t\t\t\t\t<div class=\"rt-img-holder tpg-el-image-wrap has-thumbnail\">\n\t\t\t\t\t<a data-id=\"9098\" href=\"https:\/\/innerwisdom-academy.com\/es\/chamanismo-y-chamanismo-core-un-viaje-al-conocimiento-ancestral-en-el-mundo-moderno\/\" class=\"tpg-post-link\" target=\"_self\">                        <img decoding=\"async\" src=\"https:\/\/innerwisdom-academy.com\/wp-content\/uploads\/2024\/11\/@noeliasobrino_photography-3260-768x512.jpg\"\n                             class=\"rt-img-responsive\"\n                             width=\"768\"\n                             height=\"512\"\n                             alt=\"Inner Wisdom Institute Schamanismus\">\n\t\t\t\t\t\t\n\t\t\t\t\t\t\t\n\t\t<\/a>\n\t\t        <div class=\"overlay grid-hover-content\"><\/div>\n\t\t\t\t\t\t<\/div>\n\t\t\t\n\n\t\t\t<div class=\"entry-title-wrapper\"><h3 class=\"entry-title\"><a data-id=\"9098\" href=\"https:\/\/innerwisdom-academy.com\/es\/chamanismo-y-chamanismo-core-un-viaje-al-conocimiento-ancestral-en-el-mundo-moderno\/\" class=\"tpg-post-link\" target=\"_self\">Chamanismo y Chamanismo Core: un viaje al conocimiento ancestral en el mundo moderno<\/a><\/h3><\/div>\n\t\t\t\n\t\t\t\t\t\t\t<div class=\"tpg-excerpt tpg-el-excerpt\">\n\t\t\t\t\t\t\t\t\t\t\t<div class=\"tpg-excerpt-inner\">\n\t\t\t\t\t\t\tChamanismo y Chamanismo Core: un viaje al conocimiento ancestral en el mundo moderno \u00bfQu\u00e9 es el chamanismo? El chamanismo es una de las pr\u00e1cticas espirituales m\u00e1s antiguas de la historia de la...\t\t\t\t\t\t<\/div>\n\t\t\t\t\t\t\t\t\t\t\t\t\t\t<\/div>\n\t\t\t\n\t\t\t        <div class=\"post-footer\">\n            <div class=\"post-footer\">\n                <div class=\"read-more\">\n\t\t\t\t\t<a data-id=\"9098\" href=\"https:\/\/innerwisdom-academy.com\/es\/chamanismo-y-chamanismo-core-un-viaje-al-conocimiento-ancestral-en-el-mundo-moderno\/\" class=\"tpg-post-link\" target=\"_self\">Read More<\/a>                <\/div>\n            <\/div>\n        <\/div>\n\t\t\t\t<\/div>\n\t<\/div>\n<\/div>\n\n<div class=\"rt-col-md-6 rt-col-sm-6 rt-col-xs-12 default rt-grid-item\" data-id=\"8882\">\n\t<div class=\"rt-holder tpg-post-holder \">\n\t\t<div class=\"rt-detail rt-el-content-wrapper\">\n\t\t\t\t\t\t\t<div class=\"rt-img-holder tpg-el-image-wrap has-thumbnail\">\n\t\t\t\t\t<a data-id=\"8882\" href=\"https:\/\/innerwisdom-academy.com\/es\/la-diversidad-de-las-ondas-cerebrales-y-su-significado\/\" class=\"tpg-post-link\" target=\"_self\">                        <img decoding=\"async\" src=\"https:\/\/innerwisdom-academy.com\/wp-content\/uploads\/2025\/02\/Bild-768x768.jpeg\"\n                             class=\"rt-img-responsive\"\n                             width=\"768\"\n                             height=\"768\"\n                             alt=\"La diversidad de las ondas cerebrales y su significado\">\n\t\t\t\t\t\t\n\t\t\t\t\t\t\t\n\t\t<\/a>\n\t\t        <div class=\"overlay grid-hover-content\"><\/div>\n\t\t\t\t\t\t<\/div>\n\t\t\t\n\n\t\t\t<div class=\"entry-title-wrapper\"><h3 class=\"entry-title\"><a data-id=\"8882\" href=\"https:\/\/innerwisdom-academy.com\/es\/la-diversidad-de-las-ondas-cerebrales-y-su-significado\/\" class=\"tpg-post-link\" target=\"_self\">La diversidad de las ondas cerebrales y su significado<\/a><\/h3><\/div>\n\t\t\t\n\t\t\t\t\t\t\t<div class=\"tpg-excerpt tpg-el-excerpt\">\n\t\t\t\t\t\t\t\t\t\t\t<div class=\"tpg-excerpt-inner\">\n\t\t\t\t\t\t\tEl mundo de las ondas cerebrales Nuestro cerebro humano es una maravilla electroqu\u00edmica, cuyas actividades se manifiestan en forma de ondas cerebrales. Estas ondas no solo son relevantes para nuestro...\t\t\t\t\t\t<\/div>\n\t\t\t\t\t\t\t\t\t\t\t\t\t\t<\/div>\n\t\t\t\n\t\t\t        <div class=\"post-footer\">\n            <div class=\"post-footer\">\n                <div class=\"read-more\">\n\t\t\t\t\t<a data-id=\"8882\" href=\"https:\/\/innerwisdom-academy.com\/es\/la-diversidad-de-las-ondas-cerebrales-y-su-significado\/\" class=\"tpg-post-link\" target=\"_self\">Read More<\/a>                <\/div>\n            <\/div>\n        <\/div>\n\t\t\t\t<\/div>\n\t<\/div>\n<\/div>\n\n<div class=\"rt-col-md-6 rt-col-sm-6 rt-col-xs-12 default rt-grid-item\" data-id=\"8885\">\n\t<div class=\"rt-holder tpg-post-holder \">\n\t\t<div class=\"rt-detail rt-el-content-wrapper\">\n\t\t\t\t\t\t\t<div class=\"rt-img-holder tpg-el-image-wrap has-thumbnail\">\n\t\t\t\t\t<a data-id=\"8885\" href=\"https:\/\/innerwisdom-academy.com\/es\/innerdance\/\" class=\"tpg-post-link\" target=\"_self\">                        <img loading=\"lazy\" decoding=\"async\" src=\"https:\/\/innerwisdom-academy.com\/wp-content\/uploads\/2024\/11\/1000298976-01-768x573.jpeg\"\n                             class=\"rt-img-responsive\"\n                             width=\"768\"\n                             height=\"573\"\n                             alt=\"Inner Light Activation Inner Wisdom Institute\">\n\t\t\t\t\t\t\n\t\t\t\t\t\t\t\n\t\t<\/a>\n\t\t        <div class=\"overlay grid-hover-content\"><\/div>\n\t\t\t\t\t\t<\/div>\n\t\t\t\n\n\t\t\t<div class=\"entry-title-wrapper\"><h3 class=\"entry-title\"><a data-id=\"8885\" href=\"https:\/\/innerwisdom-academy.com\/es\/innerdance\/\" class=\"tpg-post-link\" target=\"_self\">innerdance<\/a><\/h3><\/div>\n\t\t\t\n\t\t\t\t\t\t\t<div class=\"tpg-excerpt tpg-el-excerpt\">\n\t\t\t\t\t\t\t\t\t\t\t<div class=\"tpg-excerpt-inner\">\n\t\t\t\t\t\t\tinnerdance: una mirada profunda a la autorregulaci\u00f3n neuroqu\u00edmica y la conciencia Innerdance es mucho m\u00e1s que una experiencia transformadora: es un proceso profundo de exploraci\u00f3n interna que se basa...\t\t\t\t\t\t<\/div>\n\t\t\t\t\t\t\t\t\t\t\t\t\t\t<\/div>\n\t\t\t\n\t\t\t        <div class=\"post-footer\">\n            <div class=\"post-footer\">\n                <div class=\"read-more\">\n\t\t\t\t\t<a data-id=\"8885\" href=\"https:\/\/innerwisdom-academy.com\/es\/innerdance\/\" class=\"tpg-post-link\" target=\"_self\">Read More<\/a>                <\/div>\n            <\/div>\n        <\/div>\n\t\t\t\t<\/div>\n\t<\/div>\n<\/div>\n\n<div class=\"rt-col-md-6 rt-col-sm-6 rt-col-xs-12 default rt-grid-item\" data-id=\"8880\">\n\t<div class=\"rt-holder tpg-post-holder \">\n\t\t<div class=\"rt-detail rt-el-content-wrapper\">\n\t\t\t\t\t\t\t<div class=\"rt-img-holder tpg-el-image-wrap has-thumbnail\">\n\t\t\t\t\t<a data-id=\"8880\" href=\"https:\/\/innerwisdom-academy.com\/es\/despertar-de-la-kundalini-el-camino-hacia-la-iluminacion-y-la-transformacion-espiritual\/\" class=\"tpg-post-link\" target=\"_self\">                        <img loading=\"lazy\" decoding=\"async\" src=\"https:\/\/innerwisdom-academy.com\/wp-content\/uploads\/2024\/09\/wellness-practices-self-care-world-health-day_23-2151256718-768x430.jpg\"\n                             class=\"rt-img-responsive\"\n                             width=\"768\"\n                             height=\"430\"\n                             alt=\"Despertar de la Kundalini: El camino hacia la iluminaci\u00f3n y la transformaci\u00f3n espiritual\">\n\t\t\t\t\t\t\n\t\t\t\t\t\t\t\n\t\t<\/a>\n\t\t        <div class=\"overlay grid-hover-content\"><\/div>\n\t\t\t\t\t\t<\/div>\n\t\t\t\n\n\t\t\t<div class=\"entry-title-wrapper\"><h3 class=\"entry-title\"><a data-id=\"8880\" href=\"https:\/\/innerwisdom-academy.com\/es\/despertar-de-la-kundalini-el-camino-hacia-la-iluminacion-y-la-transformacion-espiritual\/\" class=\"tpg-post-link\" target=\"_self\">Despertar de la Kundalini: El camino hacia la iluminaci\u00f3n y la transformaci\u00f3n espiritual<\/a><\/h3><\/div>\n\t\t\t\n\t\t\t\t\t\t\t<div class=\"tpg-excerpt tpg-el-excerpt\">\n\t\t\t\t\t\t\t\t\t\t\t<div class=\"tpg-excerpt-inner\">\n\t\t\t\t\t\t\tEn muchas tradiciones espirituales, especialmente en el yoga, el tantra y el Advaita Vedanta, el despertar de la Kundalini se considera una de las experiencias m\u00e1s profundas de transformaci\u00f3n...\t\t\t\t\t\t<\/div>\n\t\t\t\t\t\t\t\t\t\t\t\t\t\t<\/div>\n\t\t\t\n\t\t\t        <div class=\"post-footer\">\n            <div class=\"post-footer\">\n                <div class=\"read-more\">\n\t\t\t\t\t<a data-id=\"8880\" href=\"https:\/\/innerwisdom-academy.com\/es\/despertar-de-la-kundalini-el-camino-hacia-la-iluminacion-y-la-transformacion-espiritual\/\" class=\"tpg-post-link\" target=\"_self\">Read More<\/a>                <\/div>\n            <\/div>\n        <\/div>\n\t\t\t\t<\/div>\n\t<\/div>\n<\/div>\n\t\t\t<\/div>\n\t\t\t\n\t\t<\/div>\n\t\t\t\t\t\t<\/div>\n\t\t\t\t<\/div>\n\t\t\t\t\t<\/div>\n\t\t\t\t<\/div>\n\t\t\t\t<\/div>\n\t\t","protected":false},"excerpt":{"rendered":"<p>Blogs Was passiert in einer innerdance Session? Ein Leitfaden zu Kundalini, ver\u00e4nderten Bewusstseinszust\u00e4nden und Heilung In einer Zeit, in der Geschwindigkeit, Logik und Produktivit\u00e4t unsere Realit\u00e4t dominieren, sehnen sich viele von uns nach etwas Tieferem \u2013 etwas Wahrhaftigem. Innerdance Sessions bieten einen heiligen&#8230; Read More Schamanismus und Core-Schamanismus: Eine Reise zu uraltem Wissen in der [&hellip;]<\/p>\n","protected":false},"author":1,"featured_media":0,"parent":0,"menu_order":0,"comment_status":"closed","ping_status":"closed","template":"","meta":{"footnotes":""},"class_list":["post-8556","page","type-page","status-publish","hentry"],"yoast_head":"<!-- This site is optimized with the Yoast SEO plugin v27.0 - https:\/\/yoast.com\/product\/yoast-seo-wordpress\/ -->\n<title>Blogs - Inner Wisdom Academy<\/title>\n<meta name=\"description\" content=\"En nuestros art\u00edculos del blog, queremos darte una idea de nuestro trabajo y conocimiento, y mantenerte siempre al d\u00eda.\" \/>\n<meta name=\"robots\" content=\"index, follow, max-snippet:-1, max-image-preview:large, max-video-preview:-1\" \/>\n<link rel=\"canonical\" href=\"https:\/\/innerwisdom-academy.com\/es\/blogs\/\" \/>\n<meta property=\"og:locale\" content=\"es_ES\" \/>\n<meta property=\"og:type\" content=\"article\" \/>\n<meta property=\"og:title\" content=\"Blogs - Inner Wisdom Academy\" \/>\n<meta property=\"og:description\" content=\"En nuestros art\u00edculos del blog, queremos darte una idea de nuestro trabajo y conocimiento, y mantenerte siempre al d\u00eda.\" \/>\n<meta property=\"og:url\" content=\"https:\/\/innerwisdom-academy.com\/es\/blogs\/\" \/>\n<meta property=\"og:site_name\" content=\"Inner Wisdom Academy\" \/>\n<meta property=\"article:modified_time\" content=\"2025-08-01T20:19:48+00:00\" \/>\n<meta property=\"og:image\" content=\"https:\/\/innerwisdom-academy.com\/wp-content\/uploads\/2025\/05\/@noeliasobrino_photography-3002-768x512.jpg\" \/>\n<meta name=\"twitter:card\" content=\"summary_large_image\" \/>\n<meta name=\"twitter:label1\" content=\"Tiempo de lectura\" \/>\n\t<meta name=\"twitter:data1\" content=\"1 minuto\" \/>\n<script type=\"application\/ld+json\" class=\"yoast-schema-graph\">{\"@context\":\"https:\/\/schema.org\",\"@graph\":[{\"@type\":\"WebPage\",\"@id\":\"https:\/\/innerwisdom-academy.com\/es\/blogs\/\",\"url\":\"https:\/\/innerwisdom-academy.com\/es\/blogs\/\",\"name\":\"Blogs - Inner Wisdom Academy\",\"isPartOf\":{\"@id\":\"https:\/\/innerwisdom-academy.com\/es\/#website\"},\"primaryImageOfPage\":{\"@id\":\"https:\/\/innerwisdom-academy.com\/es\/blogs\/#primaryimage\"},\"image\":{\"@id\":\"https:\/\/innerwisdom-academy.com\/es\/blogs\/#primaryimage\"},\"thumbnailUrl\":\"https:\/\/innerwisdom-academy.com\/wp-content\/uploads\/2025\/05\/@noeliasobrino_photography-3002-768x512.jpg\",\"datePublished\":\"2024-09-12T07:31:40+00:00\",\"dateModified\":\"2025-08-01T20:19:48+00:00\",\"description\":\"En nuestros art\u00edculos del blog, queremos darte una idea de nuestro trabajo y conocimiento, y mantenerte siempre al d\u00eda.\",\"breadcrumb\":{\"@id\":\"https:\/\/innerwisdom-academy.com\/es\/blogs\/#breadcrumb\"},\"inLanguage\":\"es\",\"potentialAction\":[{\"@type\":\"ReadAction\",\"target\":[\"https:\/\/innerwisdom-academy.com\/es\/blogs\/\"]}]},{\"@type\":\"ImageObject\",\"inLanguage\":\"es\",\"@id\":\"https:\/\/innerwisdom-academy.com\/es\/blogs\/#primaryimage\",\"url\":\"https:\/\/innerwisdom-academy.com\/wp-content\/uploads\/2025\/05\/@noeliasobrino_photography-3002-768x512.jpg\",\"contentUrl\":\"https:\/\/innerwisdom-academy.com\/wp-content\/uploads\/2025\/05\/@noeliasobrino_photography-3002-768x512.jpg\"},{\"@type\":\"BreadcrumbList\",\"@id\":\"https:\/\/innerwisdom-academy.com\/es\/blogs\/#breadcrumb\",\"itemListElement\":[{\"@type\":\"ListItem\",\"position\":1,\"name\":\"Startseite\",\"item\":\"https:\/\/innerwisdom-academy.com\/es\/\"},{\"@type\":\"ListItem\",\"position\":2,\"name\":\"Blogs\"}]},{\"@type\":\"WebSite\",\"@id\":\"https:\/\/innerwisdom-academy.com\/es\/#website\",\"url\":\"https:\/\/innerwisdom-academy.com\/es\/\",\"name\":\"Inner Wisdom Academy\",\"description\":\"\",\"potentialAction\":[{\"@type\":\"SearchAction\",\"target\":{\"@type\":\"EntryPoint\",\"urlTemplate\":\"https:\/\/innerwisdom-academy.com\/es\/?s={search_term_string}\"},\"query-input\":{\"@type\":\"PropertyValueSpecification\",\"valueRequired\":true,\"valueName\":\"search_term_string\"}}],\"inLanguage\":\"es\"}]}<\/script>\n<!-- \/ Yoast SEO plugin. -->","yoast_head_json":{"title":"Blogs - Inner Wisdom Academy","description":"En nuestros art\u00edculos del blog, queremos darte una idea de nuestro trabajo y conocimiento, y mantenerte siempre al d\u00eda.","robots":{"index":"index","follow":"follow","max-snippet":"max-snippet:-1","max-image-preview":"max-image-preview:large","max-video-preview":"max-video-preview:-1"},"canonical":"https:\/\/innerwisdom-academy.com\/es\/blogs\/","og_locale":"es_ES","og_type":"article","og_title":"Blogs - Inner Wisdom Academy","og_description":"En nuestros art\u00edculos del blog, queremos darte una idea de nuestro trabajo y conocimiento, y mantenerte siempre al d\u00eda.","og_url":"https:\/\/innerwisdom-academy.com\/es\/blogs\/","og_site_name":"Inner Wisdom Academy","article_modified_time":"2025-08-01T20:19:48+00:00","og_image":[{"url":"https:\/\/innerwisdom-academy.com\/wp-content\/uploads\/2025\/05\/@noeliasobrino_photography-3002-768x512.jpg","type":"","width":"","height":""}],"twitter_card":"summary_large_image","twitter_misc":{"Tiempo de lectura":"1 minuto"},"schema":{"@context":"https:\/\/schema.org","@graph":[{"@type":"WebPage","@id":"https:\/\/innerwisdom-academy.com\/es\/blogs\/","url":"https:\/\/innerwisdom-academy.com\/es\/blogs\/","name":"Blogs - Inner Wisdom Academy","isPartOf":{"@id":"https:\/\/innerwisdom-academy.com\/es\/#website"},"primaryImageOfPage":{"@id":"https:\/\/innerwisdom-academy.com\/es\/blogs\/#primaryimage"},"image":{"@id":"https:\/\/innerwisdom-academy.com\/es\/blogs\/#primaryimage"},"thumbnailUrl":"https:\/\/innerwisdom-academy.com\/wp-content\/uploads\/2025\/05\/@noeliasobrino_photography-3002-768x512.jpg","datePublished":"2024-09-12T07:31:40+00:00","dateModified":"2025-08-01T20:19:48+00:00","description":"En nuestros art\u00edculos del blog, queremos darte una idea de nuestro trabajo y conocimiento, y mantenerte siempre al d\u00eda.","breadcrumb":{"@id":"https:\/\/innerwisdom-academy.com\/es\/blogs\/#breadcrumb"},"inLanguage":"es","potentialAction":[{"@type":"ReadAction","target":["https:\/\/innerwisdom-academy.com\/es\/blogs\/"]}]},{"@type":"ImageObject","inLanguage":"es","@id":"https:\/\/innerwisdom-academy.com\/es\/blogs\/#primaryimage","url":"https:\/\/innerwisdom-academy.com\/wp-content\/uploads\/2025\/05\/@noeliasobrino_photography-3002-768x512.jpg","contentUrl":"https:\/\/innerwisdom-academy.com\/wp-content\/uploads\/2025\/05\/@noeliasobrino_photography-3002-768x512.jpg"},{"@type":"BreadcrumbList","@id":"https:\/\/innerwisdom-academy.com\/es\/blogs\/#breadcrumb","itemListElement":[{"@type":"ListItem","position":1,"name":"Startseite","item":"https:\/\/innerwisdom-academy.com\/es\/"},{"@type":"ListItem","position":2,"name":"Blogs"}]},{"@type":"WebSite","@id":"https:\/\/innerwisdom-academy.com\/es\/#website","url":"https:\/\/innerwisdom-academy.com\/es\/","name":"Inner Wisdom Academy","description":"","potentialAction":[{"@type":"SearchAction","target":{"@type":"EntryPoint","urlTemplate":"https:\/\/innerwisdom-academy.com\/es\/?s={search_term_string}"},"query-input":{"@type":"PropertyValueSpecification","valueRequired":true,"valueName":"search_term_string"}}],"inLanguage":"es"}]}},"rttpg_featured_image_url":null,"rttpg_author":{"display_name":"uday.jbbn@gmail.com","author_link":"https:\/\/innerwisdom-academy.com\/es\/author\/uday-jbbngmail-com\/"},"rttpg_comment":0,"rttpg_category":"","rttpg_excerpt":"Blogs Was passiert in einer innerdance Session? Ein Leitfaden zu Kundalini, ver\u00e4nderten Bewusstseinszust\u00e4nden und Heilung In einer Zeit, in der Geschwindigkeit, Logik und Produktivit\u00e4t unsere Realit\u00e4t dominieren, sehnen sich viele von uns nach etwas Tieferem \u2013 etwas Wahrhaftigem. Innerdance Sessions bieten einen heiligen&#8230; Read More Schamanismus und Core-Schamanismus: Eine Reise zu uraltem Wissen in der&hellip;","_links":{"self":[{"href":"https:\/\/innerwisdom-academy.com\/es\/wp-json\/wp\/v2\/pages\/8556","targetHints":{"allow":["GET"]}}],"collection":[{"href":"https:\/\/innerwisdom-academy.com\/es\/wp-json\/wp\/v2\/pages"}],"about":[{"href":"https:\/\/innerwisdom-academy.com\/es\/wp-json\/wp\/v2\/types\/page"}],"author":[{"embeddable":true,"href":"https:\/\/innerwisdom-academy.com\/es\/wp-json\/wp\/v2\/users\/1"}],"replies":[{"embeddable":true,"href":"https:\/\/innerwisdom-academy.com\/es\/wp-json\/wp\/v2\/comments?post=8556"}],"version-history":[{"count":1,"href":"https:\/\/innerwisdom-academy.com\/es\/wp-json\/wp\/v2\/pages\/8556\/revisions"}],"predecessor-version":[{"id":8558,"href":"https:\/\/innerwisdom-academy.com\/es\/wp-json\/wp\/v2\/pages\/8556\/revisions\/8558"}],"wp:attachment":[{"href":"https:\/\/innerwisdom-academy.com\/es\/wp-json\/wp\/v2\/media?parent=8556"}],"curies":[{"name":"wp","href":"https:\/\/api.w.org\/{rel}","templated":true}]}}