{"id":8545,"date":"2024-11-15T10:36:49","date_gmt":"2024-11-15T10:36:49","guid":{"rendered":"https:\/\/innerwisdom-academy.com\/investigaciones\/"},"modified":"2025-08-01T20:13:28","modified_gmt":"2025-08-01T20:13:28","slug":"investigaciones","status":"publish","type":"page","link":"https:\/\/innerwisdom-academy.com\/es\/investigaciones\/","title":{"rendered":"Investigaciones"},"content":{"rendered":"\t\t<div data-elementor-type=\"wp-page\" data-elementor-id=\"8545\" class=\"elementor elementor-8545 elementor-7117\">\n\t\t\t\t<div class=\"elementor-element elementor-element-63df4a7d e-flex e-con-boxed e-con e-parent\" data-id=\"63df4a7d\" data-element_type=\"container\" data-settings=\"{&quot;background_background&quot;:&quot;classic&quot;}\">\n\t\t\t\t\t<div class=\"e-con-inner\">\n\t\t\t\t<div class=\"elementor-element elementor-element-1662f3b5 elementor-widget elementor-widget-heading\" data-id=\"1662f3b5\" data-element_type=\"widget\" data-widget_type=\"heading.default\">\n\t\t\t\t<div class=\"elementor-widget-container\">\n\t\t\t\t\t<h1 class=\"elementor-heading-title elementor-size-default\">Investigaciones<\/h1>\t\t\t\t<\/div>\n\t\t\t\t<\/div>\n\t\t\t\t\t<\/div>\n\t\t\t\t<\/div>\n\t\t<div class=\"elementor-element elementor-element-5da44507 e-flex e-con-boxed e-con e-parent\" data-id=\"5da44507\" data-element_type=\"container\">\n\t\t\t\t\t<div class=\"e-con-inner\">\n\t\t<div class=\"elementor-element elementor-element-47796e1f e-con-full e-flex e-con e-child\" data-id=\"47796e1f\" data-element_type=\"container\" data-settings=\"{&quot;background_background&quot;:&quot;classic&quot;}\">\n\t\t\t\t<\/div>\n\t\t<div class=\"elementor-element elementor-element-616cc13d e-con-full e-flex e-con e-child\" data-id=\"616cc13d\" data-element_type=\"container\" data-settings=\"{&quot;background_background&quot;:&quot;classic&quot;}\">\n\t\t\t\t<div class=\"elementor-element elementor-element-1aca1dec elementor-widget elementor-widget-heading\" data-id=\"1aca1dec\" data-element_type=\"widget\" data-widget_type=\"heading.default\">\n\t\t\t\t<div class=\"elementor-widget-container\">\n\t\t\t\t\t<h4 class=\"elementor-heading-title elementor-size-default\">El aspecto cient\u00edfico de InNERDANCE: FRECUENCIAS, SISTEMA NERVIOSO AUT\u00d3NOMO, CONCIENCIA Y CURACI\u00d3N<\/h4>\t\t\t\t<\/div>\n\t\t\t\t<\/div>\n\t\t\t\t<div class=\"elementor-element elementor-element-1029aa00 elementor-widget elementor-widget-text-editor\" data-id=\"1029aa00\" data-element_type=\"widget\" data-widget_type=\"text-editor.default\">\n\t\t\t\t<div class=\"elementor-widget-container\">\n\t\t\t\t\t\t\t\t\t<p>El aspecto cient\u00edfico de innerdance se basa en un estado intuitivo y f\u00edsico de conciencia expandida, que sirve como portal para la curaci\u00f3n y proporciona una comprensi\u00f3n m\u00e1s profunda de qui\u00e9nes y qu\u00e9 somos. Estudios y testimonios respaldan la eficacia de este m\u00e9todo y muestran c\u00f3mo estados espec\u00edficos de conciencia pueden promover procesos de curaci\u00f3n. <\/p><div class=\"flex max-w-full flex-col flex-grow\"><div class=\"min-h-8 text-message flex w-full flex-col items-end gap-2 whitespace-normal break-words [.text-message+&amp;]:mt-5\" dir=\"auto\" data-message-author-role=\"assistant\" data-message-id=\"37c114f9-8c1c-4b5e-8782-3f7ce5246b94\" data-message-model-slug=\"gpt-4o\"><div class=\"flex w-full flex-col gap-1 empty:hidden first:pt-[3px]\"><div class=\"markdown prose w-full break-words dark:prose-invert light\"><p>La m\u00fasica tiene un efecto profundo en el cuerpo y la mente, ya que es capaz de influir en los procesos neuronales y sincronizarnos con su ritmo. Los mejores DJs saben c\u00f3mo influir en nuestras ondas cerebrales a trav\u00e9s de experiencias sonoras espec\u00edficas y crear una armon\u00eda entre ambos hemisferios del cerebro. Especialmente el hemisferio derecho del cerebro se estimula con la m\u00fasica, ya que abarca lenguajes no verbales, recuerdos subconscientes y estados de ser profundamente sentidos. La m\u00fasica no solo funciona como una forma de comunicaci\u00f3n, sino tambi\u00e9n como un sistema de memoria que se remonta a nuestros or\u00edgenes biol\u00f3gicos: una \u00e9poca en la que el ritmo y el sonido eran las primeras formas de expresi\u00f3n de la humanidad.   <\/p><p>Estos ritmos, que siempre han estado presentes en la naturaleza y en el cosmos, han influido en el comportamiento humano y en el desarrollo de la conciencia y el lenguaje. Sonidos como tambores, cantos o zumbidos representaron las primeras formas de comunicaci\u00f3n colectiva, que crearon comunidad e identidad. En pr\u00e1cticas modernas como en innerdance, esta antigua resonancia se revive. Los participantes de esta pr\u00e1ctica a menudo se mueven intuitivamente, como si recordaran gestos y formas de danza tempranas, y entran en sinton\u00eda con los ritmos naturales de la m\u00fasica y los ciclos planetarios.   <\/p><p>El sistema nervioso vegetativo juega un papel importante en el procesamiento de estas experiencias musicales y corporales. Consta de dos nervios principales: el simp\u00e1tico y el parasimp\u00e1tico. El simp\u00e1tico es responsable de la activaci\u00f3n del cuerpo en situaciones estresantes (tensi\u00f3n), mientras que el parasimp\u00e1tico es responsable de la relajaci\u00f3n y la recuperaci\u00f3n. Durante una sesi\u00f3n de innerdance, frecuencias espec\u00edficas provocan una coactivaci\u00f3n de la actividad simp\u00e1tica y parasimp\u00e1tica, lo que inicia una profunda experiencia f\u00edsica y energ\u00e9tica.   <\/p><p><span style=\"font-weight: 400;\">La activaci\u00f3n simult\u00e1nea de ambos sistemas promueve una especie de \u201cfusi\u00f3n\u201d de tensi\u00f3n y relajaci\u00f3n, de actividad y descanso, que permite al participante experimentar sus miedos y bloqueos de una nueva manera. El cuerpo aprende no solo a vivir estas reacciones, sino tambi\u00e9n a transformarlas. <\/span> Bloqueos, traumas y patrones antiguos que ya no son \u00fatiles se disuelven profundamente.<\/p><p>El n\u00facleo supraquiasm\u00e1tico (NSQ) en el cerebro, conectado con el hipot\u00e1lamo, act\u00faa como el principal regulador de los ritmos biol\u00f3gicos, como los ritmos circadiano, diurno e infradiano. Estos ritmos influyen en los estados f\u00edsicos, los procesos mentales y los patrones de comportamiento del ser humano. Durante el innerdance, estos ciclos naturales se simulan para permitir a los participantes una profunda sincronizaci\u00f3n con la m\u00fasica y los ritmos c\u00f3smicos. Esta experiencia sincronizada estimula especialmente las ondas delta, theta y gamma en el cerebro. Las ondas delta est\u00e1n asociadas con un estado de conciencia claro, similar a un sue\u00f1o, mientras que las ondas gamma permiten experiencias trascendentes que promueven la sensaci\u00f3n de disoluci\u00f3n del ego y conocimientos universales.    <\/p><p>La estimulaci\u00f3n de estas ondas cerebrales conduce a una mayor neuroplasticidad, lo que puede cambiar los patrones de percepci\u00f3n y generar conocimientos profundos. La menor inhibici\u00f3n latente, que se mantiene mediante la activaci\u00f3n de los ritmos circadianos, coloca al cuerpo en un estado de conciencia semivigil, similar a un sue\u00f1o. En esta fase, las emociones, los recuerdos y las visiones pueden liberarse y entrelazarse. Esto crea condiciones que apoyan procesos de curaci\u00f3n profundos y abren la conciencia a energ\u00edas nuevas y m\u00e1s armoniosas.   <\/p><p>El sistema endocrino, que produce hormonas como la adrenalina, el cortisol y la oxitocina, tambi\u00e9n es sensible a las frecuencias. Las altas frecuencias pueden promover hormonas del estr\u00e9s como el cortisol, mientras que las frecuencias calmantes pueden aumentar la liberaci\u00f3n de oxitocina y contribuir a la regulaci\u00f3n del equilibrio hormonal. Especialmente el eje hipot\u00e1lamo-hip\u00f3fisis, la gl\u00e1ndula tiroides y las gl\u00e1ndulas suprarrenales pueden ser influenciadas por las frecuencias.  <\/p><p>En resumen, la m\u00fasica en general y la m\u00fasica de innerdance especialmente seleccionada, no solo act\u00faa como una herramienta cultural y comunicativa, sino que activa sistemas biol\u00f3gicos y neurol\u00f3gicos profundos en nuestro interior. Influye en el sistema nervioso aut\u00f3nomo, modula la actividad del simp\u00e1tico y el parasimp\u00e1tico, y as\u00ed promueve estados que favorecen procesos transformadores y curativos. En la conexi\u00f3n del sonido, el ritmo y la actividad neuronal reside el potencial para expandir tanto la mente como para promover la salud f\u00edsica y emocional.  <\/p><\/div><\/div><\/div><\/div><div class=\"mb-2 flex gap-3 empty:hidden -ml-2\"><div class=\"items-center justify-start rounded-xl p-1 z-10 -mt-1 bg-token-main-surface-primary md:absolute flex\"> <\/div><\/div>\t\t\t\t\t\t\t\t<\/div>\n\t\t\t\t<\/div>\n\t\t\t\t<\/div>\n\t\t\t\t\t<\/div>\n\t\t\t\t<\/div>\n\t\t<div class=\"elementor-element elementor-element-c723c37 e-flex e-con-boxed e-con e-parent\" data-id=\"c723c37\" data-element_type=\"container\">\n\t\t\t\t\t<div class=\"e-con-inner\">\n\t\t\t\t<div class=\"elementor-element elementor-element-bbe9dcd elementor-widget elementor-widget-text-editor\" data-id=\"bbe9dcd\" data-element_type=\"widget\" data-widget_type=\"text-editor.default\">\n\t\t\t\t<div class=\"elementor-widget-container\">\n\t\t\t\t\t\t\t\t\t<p>En este punto, nos gusta remitir a estudios externos que proporcionan conocimientos fundamentados y antecedentes cient\u00edficos. Estas fuentes te ofrecen la posibilidad de profundizar tus conocimientos e informarte de forma exhaustiva. <\/p><p>Ten en cuenta que no somos responsables del contenido de estudios externos. Aqu\u00ed tienes los estudios: <\/p><p><a href=\"https:\/\/www.scirp.org\/journal\/paperinformation?paperid=87146\">https:\/\/www.scirp.org\/journal\/paperinformation?paperid=87146<\/a><\/p><p><a href=\"https:\/\/journals.plos.org\/plosone\/article?id=10.1371\/journal.pone.0259312\">https:\/\/journals.plos.org\/plosone\/article?id=10.1371\/journal.pone.0259312<\/a><\/p><p><a href=\"https:\/\/journals.plos.org\/plosone\/article?id=10.1371\/journal.pone.0070156\">https:\/\/journals.plos.org\/plosone\/article?id=10.1371\/journal.pone.0070156<\/a><\/p><p> <\/p>\t\t\t\t\t\t\t\t<\/div>\n\t\t\t\t<\/div>\n\t\t\t\t\t<\/div>\n\t\t\t\t<\/div>\n\t\t\t\t<\/div>\n\t\t","protected":false},"excerpt":{"rendered":"<p>Investigaciones El aspecto cient\u00edfico de InNERDANCE: FRECUENCIAS, SISTEMA NERVIOSO AUT\u00d3NOMO, CONCIENCIA Y CURACI\u00d3N El aspecto cient\u00edfico de innerdance se basa en un estado intuitivo y f\u00edsico de conciencia expandida, que sirve como portal para la curaci\u00f3n y proporciona una comprensi\u00f3n m\u00e1s profunda de qui\u00e9nes y qu\u00e9 somos. Estudios y testimonios respaldan la eficacia de este [&hellip;]<\/p>\n","protected":false},"author":7,"featured_media":0,"parent":0,"menu_order":0,"comment_status":"closed","ping_status":"closed","template":"","meta":{"footnotes":""},"class_list":["post-8545","page","type-page","status-publish","hentry"],"yoast_head":"<!-- This site is optimized with the Yoast SEO plugin v27.0 - https:\/\/yoast.com\/product\/yoast-seo-wordpress\/ -->\n<title>Investigaciones - Inner Wisdom Academy<\/title>\n<meta name=\"description\" content=\"En las investigaciones se determina el aspecto cient\u00edfico del m\u00e9todo innerdance: frecuencias, conciencia y curaci\u00f3n.\" \/>\n<meta name=\"robots\" content=\"index, follow, max-snippet:-1, max-image-preview:large, max-video-preview:-1\" \/>\n<link rel=\"canonical\" href=\"https:\/\/innerwisdom-academy.com\/es\/investigaciones\/\" \/>\n<meta property=\"og:locale\" content=\"es_ES\" \/>\n<meta property=\"og:type\" content=\"article\" \/>\n<meta property=\"og:title\" content=\"Investigaciones - Inner Wisdom Academy\" \/>\n<meta property=\"og:description\" content=\"En las investigaciones se determina el aspecto cient\u00edfico del m\u00e9todo innerdance: frecuencias, conciencia y curaci\u00f3n.\" \/>\n<meta property=\"og:url\" content=\"https:\/\/innerwisdom-academy.com\/es\/investigaciones\/\" \/>\n<meta property=\"og:site_name\" content=\"Inner Wisdom Academy\" \/>\n<meta property=\"article:modified_time\" content=\"2025-08-01T20:13:28+00:00\" \/>\n<meta name=\"twitter:card\" content=\"summary_large_image\" \/>\n<meta name=\"twitter:label1\" content=\"Tiempo de lectura\" \/>\n\t<meta name=\"twitter:data1\" content=\"5 minutos\" \/>\n<script type=\"application\/ld+json\" class=\"yoast-schema-graph\">{\"@context\":\"https:\/\/schema.org\",\"@graph\":[{\"@type\":\"WebPage\",\"@id\":\"https:\/\/innerwisdom-academy.com\/es\/investigaciones\/\",\"url\":\"https:\/\/innerwisdom-academy.com\/es\/investigaciones\/\",\"name\":\"Investigaciones - Inner Wisdom Academy\",\"isPartOf\":{\"@id\":\"https:\/\/innerwisdom-academy.com\/es\/#website\"},\"datePublished\":\"2024-11-15T10:36:49+00:00\",\"dateModified\":\"2025-08-01T20:13:28+00:00\",\"description\":\"En las investigaciones se determina el aspecto cient\u00edfico del m\u00e9todo innerdance: frecuencias, conciencia y curaci\u00f3n.\",\"breadcrumb\":{\"@id\":\"https:\/\/innerwisdom-academy.com\/es\/investigaciones\/#breadcrumb\"},\"inLanguage\":\"es\",\"potentialAction\":[{\"@type\":\"ReadAction\",\"target\":[\"https:\/\/innerwisdom-academy.com\/es\/investigaciones\/\"]}]},{\"@type\":\"BreadcrumbList\",\"@id\":\"https:\/\/innerwisdom-academy.com\/es\/investigaciones\/#breadcrumb\",\"itemListElement\":[{\"@type\":\"ListItem\",\"position\":1,\"name\":\"Startseite\",\"item\":\"https:\/\/innerwisdom-academy.com\/es\/\"},{\"@type\":\"ListItem\",\"position\":2,\"name\":\"Investigaciones\"}]},{\"@type\":\"WebSite\",\"@id\":\"https:\/\/innerwisdom-academy.com\/es\/#website\",\"url\":\"https:\/\/innerwisdom-academy.com\/es\/\",\"name\":\"Inner Wisdom Academy\",\"description\":\"\",\"potentialAction\":[{\"@type\":\"SearchAction\",\"target\":{\"@type\":\"EntryPoint\",\"urlTemplate\":\"https:\/\/innerwisdom-academy.com\/es\/?s={search_term_string}\"},\"query-input\":{\"@type\":\"PropertyValueSpecification\",\"valueRequired\":true,\"valueName\":\"search_term_string\"}}],\"inLanguage\":\"es\"}]}<\/script>\n<!-- \/ Yoast SEO plugin. -->","yoast_head_json":{"title":"Investigaciones - Inner Wisdom Academy","description":"En las investigaciones se determina el aspecto cient\u00edfico del m\u00e9todo innerdance: frecuencias, conciencia y curaci\u00f3n.","robots":{"index":"index","follow":"follow","max-snippet":"max-snippet:-1","max-image-preview":"max-image-preview:large","max-video-preview":"max-video-preview:-1"},"canonical":"https:\/\/innerwisdom-academy.com\/es\/investigaciones\/","og_locale":"es_ES","og_type":"article","og_title":"Investigaciones - Inner Wisdom Academy","og_description":"En las investigaciones se determina el aspecto cient\u00edfico del m\u00e9todo innerdance: frecuencias, conciencia y curaci\u00f3n.","og_url":"https:\/\/innerwisdom-academy.com\/es\/investigaciones\/","og_site_name":"Inner Wisdom Academy","article_modified_time":"2025-08-01T20:13:28+00:00","twitter_card":"summary_large_image","twitter_misc":{"Tiempo de lectura":"5 minutos"},"schema":{"@context":"https:\/\/schema.org","@graph":[{"@type":"WebPage","@id":"https:\/\/innerwisdom-academy.com\/es\/investigaciones\/","url":"https:\/\/innerwisdom-academy.com\/es\/investigaciones\/","name":"Investigaciones - Inner Wisdom Academy","isPartOf":{"@id":"https:\/\/innerwisdom-academy.com\/es\/#website"},"datePublished":"2024-11-15T10:36:49+00:00","dateModified":"2025-08-01T20:13:28+00:00","description":"En las investigaciones se determina el aspecto cient\u00edfico del m\u00e9todo innerdance: frecuencias, conciencia y curaci\u00f3n.","breadcrumb":{"@id":"https:\/\/innerwisdom-academy.com\/es\/investigaciones\/#breadcrumb"},"inLanguage":"es","potentialAction":[{"@type":"ReadAction","target":["https:\/\/innerwisdom-academy.com\/es\/investigaciones\/"]}]},{"@type":"BreadcrumbList","@id":"https:\/\/innerwisdom-academy.com\/es\/investigaciones\/#breadcrumb","itemListElement":[{"@type":"ListItem","position":1,"name":"Startseite","item":"https:\/\/innerwisdom-academy.com\/es\/"},{"@type":"ListItem","position":2,"name":"Investigaciones"}]},{"@type":"WebSite","@id":"https:\/\/innerwisdom-academy.com\/es\/#website","url":"https:\/\/innerwisdom-academy.com\/es\/","name":"Inner Wisdom Academy","description":"","potentialAction":[{"@type":"SearchAction","target":{"@type":"EntryPoint","urlTemplate":"https:\/\/innerwisdom-academy.com\/es\/?s={search_term_string}"},"query-input":{"@type":"PropertyValueSpecification","valueRequired":true,"valueName":"search_term_string"}}],"inLanguage":"es"}]}},"rttpg_featured_image_url":null,"rttpg_author":{"display_name":"kerstin Eden","author_link":"https:\/\/innerwisdom-academy.com\/es\/author\/kerstin\/"},"rttpg_comment":0,"rttpg_category":" <a href=\"https:\/\/innerwisdom-academy.com\/es\/?taxonomy=translation_priority&#038;term=opcional\" rel=\"tag\">Opcional<\/a>","rttpg_excerpt":"Investigaciones El aspecto cient\u00edfico de InNERDANCE: FRECUENCIAS, SISTEMA NERVIOSO AUT\u00d3NOMO, CONCIENCIA Y CURACI\u00d3N El aspecto cient\u00edfico de innerdance se basa en un estado intuitivo y f\u00edsico de conciencia expandida, que sirve como portal para la curaci\u00f3n y proporciona una comprensi\u00f3n m\u00e1s profunda de qui\u00e9nes y qu\u00e9 somos. Estudios y testimonios respaldan la eficacia de este&hellip;","_links":{"self":[{"href":"https:\/\/innerwisdom-academy.com\/es\/wp-json\/wp\/v2\/pages\/8545","targetHints":{"allow":["GET"]}}],"collection":[{"href":"https:\/\/innerwisdom-academy.com\/es\/wp-json\/wp\/v2\/pages"}],"about":[{"href":"https:\/\/innerwisdom-academy.com\/es\/wp-json\/wp\/v2\/types\/page"}],"author":[{"embeddable":true,"href":"https:\/\/innerwisdom-academy.com\/es\/wp-json\/wp\/v2\/users\/7"}],"replies":[{"embeddable":true,"href":"https:\/\/innerwisdom-academy.com\/es\/wp-json\/wp\/v2\/comments?post=8545"}],"version-history":[{"count":1,"href":"https:\/\/innerwisdom-academy.com\/es\/wp-json\/wp\/v2\/pages\/8545\/revisions"}],"predecessor-version":[{"id":8546,"href":"https:\/\/innerwisdom-academy.com\/es\/wp-json\/wp\/v2\/pages\/8545\/revisions\/8546"}],"wp:attachment":[{"href":"https:\/\/innerwisdom-academy.com\/es\/wp-json\/wp\/v2\/media?parent=8545"}],"curies":[{"name":"wp","href":"https:\/\/api.w.org\/{rel}","templated":true}]}}